{"id":1725,"date":"2015-07-09T13:45:07","date_gmt":"2015-07-09T11:45:07","guid":{"rendered":"https:\/\/bioforschung.at\/?page_id=1725"},"modified":"2015-08-21T19:34:58","modified_gmt":"2015-08-21T17:34:58","slug":"oktatasi-ajanlatok","status":"publish","type":"page","link":"https:\/\/www.bioforschung.at\/hu\/oktatasi-ajanlatok\/","title":{"rendered":"Bildungsangebote"},"content":{"rendered":"<p style=\"text-align: justify;\">Das Team der BIO FORSCHUNG AUSTRIA unterst\u00fctzt und begleitet mit seinen Weiterbildungsanboten B\u00e4uerinnen und Bauern sowie landwirtschaftlich, g\u00e4rtnerisch und an einer nachhaltigen Entwicklung interessierte Bev\u00f6lkerungsgruppen und bietet f\u00fcr TeilnehmerInnen von Weiterbildungsveranstaltungen eine angenehme, praxisorientierte und professionell ausgestattete Lernumgebung.<\/p>\n<p style=\"text-align: justify;\">Die Einbeziehung von schwerpunktm\u00e4\u00dfig \u00f6kologischen, sozialen aber auch \u00f6konomischen Aspekten in unserer Bildungsarbeit ist f\u00fcr uns sehr wichtig, dar\u00fcberhinaus f\u00fchlen wir uns in der Weiterbildung f\u00fcr eine nachhaltige Entwicklung speziell verpflichtet.<\/p>\n","protected":false},"excerpt":{"rendered":"<p>Das Team der BIO FORSCHUNG AUSTRIA unterst\u00fctzt und begleitet mit seinen Weiterbildungsanboten B\u00e4uerinnen und Bauern sowie landwirtschaftlich, g\u00e4rtnerisch und an<\/p>\n","protected":false},"author":3,"featured_media":0,"parent":0,"menu_order":0,"comment_status":"closed","ping_status":"closed","template":"archive-bfa_education.php","meta":{"_acf_changed":false,"footnotes":""},"class_list":["post-1725","page","type-page","status-publish","hentry"],"acf":[],"_links":{"self":[{"href":"https:\/\/www.bioforschung.at\/hu\/wp-json\/wp\/v2\/pages\/1725","targetHints":{"allow":["GET"]}}],"collection":[{"href":"https:\/\/www.bioforschung.at\/hu\/wp-json\/wp\/v2\/pages"}],"about":[{"href":"https:\/\/www.bioforschung.at\/hu\/wp-json\/wp\/v2\/types\/page"}],"author":[{"embeddable":true,"href":"https:\/\/www.bioforschung.at\/hu\/wp-json\/wp\/v2\/users\/3"}],"replies":[{"embeddable":true,"href":"https:\/\/www.bioforschung.at\/hu\/wp-json\/wp\/v2\/comments?post=1725"}],"version-history":[{"count":4,"href":"https:\/\/www.bioforschung.at\/hu\/wp-json\/wp\/v2\/pages\/1725\/revisions"}],"predecessor-version":[{"id":1771,"href":"https:\/\/www.bioforschung.at\/hu\/wp-json\/wp\/v2\/pages\/1725\/revisions\/1771"}],"wp:attachment":[{"href":"https:\/\/www.bioforschung.at\/hu\/wp-json\/wp\/v2\/media?parent=1725"}],"curies":[{"name":"wp","href":"https:\/\/api.w.org\/{rel}","templated":true}]}}